{"id":2318,"date":"2026-04-03T14:48:03","date_gmt":"2026-04-03T12:48:03","guid":{"rendered":"https:\/\/www.purple.fit\/demo-angefordert\/"},"modified":"2026-04-07T13:07:17","modified_gmt":"2026-04-07T11:07:17","slug":"demo-angefordert","status":"publish","type":"page","link":"https:\/\/www.purple.fit\/de\/demo-anfordern\/demo-angefordert\/","title":{"rendered":"Demo angefordert!"},"content":{"rendered":"<h2 data-interaction-id=\"441a760\" class=\"e-heading-base\" data-e-type=\"widget\" data-id=\"441a760\">\n\t\t\tEs ist soweit! Deine PurpleFit-Demo ist bereit.<br \/>\n\t\t<\/h2>\n<p data-interaction-id=\"36c25bb\" data-e-type=\"widget\" data-id=\"36c25bb\">\n\t\t\t\t\t\t\t\tDanke, dass du unsere Plattform entdecken m\u00f6chtest. Wir haben soeben eine E-Mail mit allen Anweisungen f\u00fcr den Start an die von dir angegebene Adresse gesendet.\n\t\t\t\t\t<\/p>\n<p>In deinem Posteingang findest du eine Nachricht mit dem Betreff: &#8222;Willkommen bei PurpleFit: Hier sind deine Zugangsdaten f\u00fcr die Demo&#8220;. Darin findest du:<\/p>\n<h2 data-interaction-id=\"017a00b\" class=\"e-017a00b-b0aa6b2 e-heading-base\" data-e-type=\"widget\" data-id=\"017a00b\">\n\t\t\tWas findest du in der E-Mail?<br \/>\n\t\t<\/h2>\n<ul>\n<li>\n\t\t\t\t\t\t\t\t\t\tDen direkten Link zu deiner personalisierten Demo-Umgebung.\n\t\t\t\t\t\t\t\t\t<\/li>\n<li>\n\t\t\t\t\t\t\t\t\t\tDie Zugangsdaten (Benutzername und Passwort).\n\t\t\t\t\t\t\t\t\t<\/li>\n<li>\n\t\t\t\t\t\t\t\t\t\tEine Kurzanleitung\n\t\t\t\t\t\t\t\t\t<\/li>\n<\/ul>\n<h2 data-interaction-id=\"b0a8f63\" class=\"e-b0a8f63-90eda0f e-heading-base\" data-e-type=\"widget\" data-id=\"b0a8f63\">\n\t\t\tVerliere keine Zeit, beginne hier:<br \/>\n\t\t<\/h2>\n<p data-interaction-id=\"ce6910d\" data-e-type=\"widget\" data-id=\"ce6910d\">\n\t\t\t\t\t\t\t\tUm die Leistungsf\u00e4higkeit des Systems hautnah zu erleben, empfehlen wir dir, diese drei Aktionen sofort auszuprobieren:\n\t\t\t\t\t<\/p>\n<ul>\n<li>\n\t\t\t\t\t\t\t\t\t\t<b>Erstelle dein erstes Paket:<\/b> Gehe ins Backoffice, erstelle ein Paket mit 10 Credits und versuche, es auf einen bestimmten Standort zu beschr\u00e4nken.\n\t\t\t\t\t\t\t\t\t<\/li>\n<li>\n\t\t\t\t\t\t\t\t\t\t<b data-path-to-node=\"7,2,1,1,0\" data-index-in-node=\"41\">Simuliere eine Buchung:<\/b> Gehe zum Benutzer-Booking, sieh dir den Kalender an und buche einen Yoga- oder Pilates-Kurs.\n\t\t\t\t\t\t\t\t\t<\/li>\n<li>\n\t\t\t\t\t\t\t\t\t\t<b>Verwalte den Kurs als Trainer:<\/b> Gehe ins Trainer-Booking und \u00fcberpr\u00fcfe in Echtzeit, wer sich f\u00fcr deinen Kurs angemeldet hat.\n\t\t\t\t\t\t\t\t\t<\/li>\n<\/ul>\n<hr data-interaction-id=\"ae2e5c5\" data-e-type=\"widget\" data-id=\"ae2e5c5\" \/>\n<h2 data-interaction-id=\"272f24b\" class=\"e-heading-base\" data-e-type=\"widget\" data-id=\"272f24b\">\n\t\t\tHast du die E-Mail nicht erhalten?<br \/>\n\t\t<\/h2>\n<p>\u00dcberpr\u00fcfe den Ordner &#8222;Spam&#8220; oder &#8222;Werbung&#8220;. Wenn sie nach 5 Minuten immer noch nicht angekommen ist, schreibe uns an info@purple.fit und wir helfen dir sofort weiter.<\/p>\n<p>\t\t\t\t\t<a href=\"#\"><br \/>\n\t\t\t\t\t\t\t\t\tZur\u00fcck zur Startseite<br \/>\n\t\t\t\t\t<\/a><\/p>\n","protected":false},"excerpt":{"rendered":"<p>Es ist soweit! Deine PurpleFit-Demo ist bereit. Danke, dass du unsere Plattform entdecken m\u00f6chtest. Wir haben soeben eine E-Mail mit allen Anweisungen f\u00fcr den Start an die von dir angegebene Adresse gesendet. In deinem Posteingang findest du eine Nachricht mit dem Betreff: &#8222;Willkommen bei PurpleFit: Hier sind deine Zugangsdaten f\u00fcr die Demo&#8220;. Darin findest du: [&hellip;]<\/p>\n","protected":false},"author":1,"featured_media":0,"parent":2421,"menu_order":0,"comment_status":"closed","ping_status":"closed","template":"","meta":{"footnotes":""},"class_list":["post-2318","page","type-page","status-publish","hentry"],"_links":{"self":[{"href":"https:\/\/www.purple.fit\/de\/wp-json\/wp\/v2\/pages\/2318","targetHints":{"allow":["GET"]}}],"collection":[{"href":"https:\/\/www.purple.fit\/de\/wp-json\/wp\/v2\/pages"}],"about":[{"href":"https:\/\/www.purple.fit\/de\/wp-json\/wp\/v2\/types\/page"}],"author":[{"embeddable":true,"href":"https:\/\/www.purple.fit\/de\/wp-json\/wp\/v2\/users\/1"}],"replies":[{"embeddable":true,"href":"https:\/\/www.purple.fit\/de\/wp-json\/wp\/v2\/comments?post=2318"}],"version-history":[{"count":1,"href":"https:\/\/www.purple.fit\/de\/wp-json\/wp\/v2\/pages\/2318\/revisions"}],"predecessor-version":[{"id":2422,"href":"https:\/\/www.purple.fit\/de\/wp-json\/wp\/v2\/pages\/2318\/revisions\/2422"}],"up":[{"embeddable":true,"href":"https:\/\/www.purple.fit\/de\/wp-json\/wp\/v2\/pages\/2421"}],"wp:attachment":[{"href":"https:\/\/www.purple.fit\/de\/wp-json\/wp\/v2\/media?parent=2318"}],"curies":[{"name":"wp","href":"https:\/\/api.w.org\/{rel}","templated":true}]}}