{"id":2421,"date":"2024-03-13T13:28:25","date_gmt":"2024-03-13T12:28:25","guid":{"rendered":"https:\/\/www.purple.fit\/demo-anfordern\/"},"modified":"2026-04-07T13:07:18","modified_gmt":"2026-04-07T11:07:18","slug":"demo-anfordern","status":"publish","type":"page","link":"https:\/\/www.purple.fit\/de\/demo-anfordern\/","title":{"rendered":"Demo anfordern"},"content":{"rendered":"\t\t<div data-elementor-type=\"wp-page\" data-elementor-id=\"2421\" class=\"elementor elementor-2421 elementor-258\" data-elementor-post-type=\"page\">\n\t\t\t\t<div class=\"elementor-element elementor-element-1cd2afc e-con-full e-flex e-con e-parent\" data-id=\"1cd2afc\" data-element_type=\"container\" data-e-type=\"container\" data-settings=\"{&quot;background_background&quot;:&quot;classic&quot;}\">\n\t\t<div class=\"elementor-element elementor-element-d7ad22c e-flex e-con-boxed e-con e-child\" data-id=\"d7ad22c\" data-element_type=\"container\" data-e-type=\"container\">\n\t\t\t\t\t<div class=\"e-con-inner\">\n\t\t\t\t<div class=\"elementor-element elementor-element-12f51cd elementor-widget elementor-widget-heading\" data-id=\"12f51cd\" data-element_type=\"widget\" data-e-type=\"widget\" data-widget_type=\"heading.default\">\n\t\t\t\t<div class=\"elementor-widget-container\">\n\t\t\t\t\t<h2 class=\"elementor-heading-title elementor-size-default\">Mach dein Unternehmen digital und innovativ<\/h2>\t\t\t\t<\/div>\n\t\t\t\t<\/div>\n\t\t\t\t<div class=\"elementor-element elementor-element-c5bed31 elementor-widget elementor-widget-heading\" data-id=\"c5bed31\" data-element_type=\"widget\" data-e-type=\"widget\" data-widget_type=\"heading.default\">\n\t\t\t\t<div class=\"elementor-widget-container\">\n\t\t\t\t\t<h2 class=\"elementor-heading-title elementor-size-default\">mit<\/h2>\t\t\t\t<\/div>\n\t\t\t\t<\/div>\n\t\t\t\t<div class=\"elementor-element elementor-element-c623b60 elementor-widget elementor-widget-image\" data-id=\"c623b60\" data-element_type=\"widget\" data-e-type=\"widget\" data-widget_type=\"image.default\">\n\t\t\t\t<div class=\"elementor-widget-container\">\n\t\t\t\t\t\t\t\t\t\t\t\t\t\t\t<img fetchpriority=\"high\" decoding=\"async\" width=\"528\" height=\"102\" src=\"https:\/\/www.purple.fit\/wp-content\/uploads\/2024\/06\/logo-orange.svg\" class=\"attachment-large size-large wp-image-2417\" alt=\"\" \/>\t\t\t\t\t\t\t\t\t\t\t\t\t\t\t<\/div>\n\t\t\t\t<\/div>\n\t\t\t\t\t<\/div>\n\t\t\t\t<\/div>\n\t\t<div class=\"elementor-element elementor-element-fdee3da e-con-full e-grid e-con e-child\" data-id=\"fdee3da\" data-element_type=\"container\" data-e-type=\"container\" data-settings=\"{&quot;background_background&quot;:&quot;classic&quot;}\">\n\t\t\t\t<div class=\"elementor-element elementor-element-a077424 e-con e-atomic-element e-div-block-base e-a077424-87a9fb1\" data-id=\"a077424\" data-element_type=\"e-div-block\" data-e-type=\"e-div-block\" data-interaction-id=\"a077424\" data-e-type=\"e-div-block\" data-id=\"a077424\">\n\t\t\t\t<div class=\"elementor-element elementor-element-74a50b7 elementor-widget elementor-widget-heading\" data-id=\"74a50b7\" data-element_type=\"widget\" data-e-type=\"widget\" data-widget_type=\"heading.default\">\n\t\t\t\t<div class=\"elementor-widget-container\">\n\t\t\t\t\t<h2 class=\"elementor-heading-title elementor-size-default\"><b>Entdecke, wie PurpleFit die Verwaltung deines Studios vereinfachen kann!<\/b><\/h2>\t\t\t\t<\/div>\n\t\t\t\t<\/div>\n\t\t\t\t<div class=\"elementor-element elementor-element-9591e77 elementor-widget elementor-widget-text-editor\" data-id=\"9591e77\" data-element_type=\"widget\" data-e-type=\"widget\" data-widget_type=\"text-editor.default\">\n\t\t\t\t<div class=\"elementor-widget-container\">\n\t\t\t\t\t\t\t\t\t<p>F\u00fclle das nebenstehende Formular aus, um alle unsere Funktionen selbstst\u00e4ndig zu erkunden. Du erh\u00e4ltst umgehend eine E-Mail mit:<\/p>\t\t\t\t\t\t\t\t<\/div>\n\t\t\t\t<\/div>\n\t\t\t\t<div class=\"elementor-element elementor-element-1f676d0 elementor-icon-list--layout-traditional elementor-list-item-link-full_width elementor-widget elementor-widget-icon-list\" data-id=\"1f676d0\" data-element_type=\"widget\" data-e-type=\"widget\" data-widget_type=\"icon-list.default\">\n\t\t\t\t<div class=\"elementor-widget-container\">\n\t\t\t\t\t\t\t<ul class=\"elementor-icon-list-items\">\n\t\t\t\t\t\t\t<li class=\"elementor-icon-list-item\">\n\t\t\t\t\t\t\t\t\t\t\t<span class=\"elementor-icon-list-icon\">\n\t\t\t\t\t\t\t<i aria-hidden=\"true\" class=\"fas fa-key\"><\/i>\t\t\t\t\t\t<\/span>\n\t\t\t\t\t\t\t\t\t\t<span class=\"elementor-icon-list-text\"><b>Deinen Zugangsdaten: <\/b>Link und Anmeldedaten f\u00fcr die Demo-Umgebung.<\/span>\n\t\t\t\t\t\t\t\t\t<\/li>\n\t\t\t\t\t\t\t\t<li class=\"elementor-icon-list-item\">\n\t\t\t\t\t\t\t\t\t\t\t<span class=\"elementor-icon-list-icon\">\n\t\t\t\t\t\t\t<i aria-hidden=\"true\" class=\"fas fa-route\"><\/i>\t\t\t\t\t\t<\/span>\n\t\t\t\t\t\t\t\t\t\t<span class=\"elementor-icon-list-text\"><b>Einem gef\u00fchrten Rundgang:<\/b> Unsere Tipps zum Testen von Backoffice, Buchungen und der Trainer-App.<\/span>\n\t\t\t\t\t\t\t\t\t<\/li>\n\t\t\t\t\t\t<\/ul>\n\t\t\t\t\t\t<\/div>\n\t\t\t\t<\/div>\n\t\t\t\t<\/div>\n\t\t<div class=\"elementor-element elementor-element-0938463 e-con-full e-flex e-con e-child\" data-id=\"0938463\" data-element_type=\"container\" data-e-type=\"container\">\n\t\t\t\t<div class=\"elementor-element elementor-element-a42aa1d elementor-button-align-stretch elementor-widget elementor-widget-form\" data-id=\"a42aa1d\" data-element_type=\"widget\" data-e-type=\"widget\" data-settings=\"{&quot;step_next_label&quot;:&quot;Weiter&quot;,&quot;step_previous_label&quot;:&quot;Zur\\u00fcck&quot;,&quot;step_icon_shape&quot;:&quot;rounded&quot;,&quot;button_width&quot;:&quot;100&quot;,&quot;step_type&quot;:&quot;number_text&quot;}\" data-widget_type=\"form.default\">\n\t\t\t\t<div class=\"elementor-widget-container\">\n\t\t\t\t\t\t\t<form class=\"elementor-form\" method=\"post\" name=\"Demo-Anfrage\" aria-label=\"Demo-Anfrage\">\n\t\t\t<input type=\"hidden\" name=\"post_id\" value=\"2421\"\/>\n\t\t\t<input type=\"hidden\" name=\"form_id\" value=\"a42aa1d\"\/>\n\t\t\t<input type=\"hidden\" name=\"referer_title\" value=\"Demo anfordern - PurpleFit\" \/>\n\n\t\t\t\t\t\t\t<input type=\"hidden\" name=\"queried_id\" value=\"2421\"\/>\n\t\t\t\n\t\t\t<div class=\"elementor-form-fields-wrapper elementor-labels-above\">\n\t\t\t\t\t\t\t\t<div class=\"elementor-field-type-text elementor-field-group elementor-column elementor-field-group-name elementor-col-100 elementor-field-required elementor-mark-required\">\n\t\t\t\t\t\t\t\t\t\t\t\t\t<input size=\"1\" type=\"text\" name=\"form_fields[name]\" id=\"form-field-name\" class=\"elementor-field elementor-size-md  elementor-field-textual\" placeholder=\"Name\" required=\"required\">\n\t\t\t\t\t\t\t\t\t\t\t<\/div>\n\t\t\t\t\t\t\t\t<div class=\"elementor-field-type-email elementor-field-group elementor-column elementor-field-group-field_9c3cde9 elementor-col-100 elementor-field-required elementor-mark-required\">\n\t\t\t\t\t\t\t\t\t\t\t\t\t<input size=\"1\" type=\"email\" name=\"form_fields[field_9c3cde9]\" id=\"form-field-field_9c3cde9\" class=\"elementor-field elementor-size-md  elementor-field-textual\" placeholder=\"E-Mail\" required=\"required\">\n\t\t\t\t\t\t\t\t\t\t\t<\/div>\n\t\t\t\t\t\t\t\t<div class=\"elementor-field-type-text elementor-field-group elementor-column elementor-field-group-message elementor-col-100 elementor-field-required elementor-mark-required\">\n\t\t\t\t\t\t\t\t\t\t\t\t\t<input size=\"1\" type=\"text\" name=\"form_fields[message]\" id=\"form-field-message\" class=\"elementor-field elementor-size-md  elementor-field-textual\" placeholder=\"Name des Unternehmens\" required=\"required\">\n\t\t\t\t\t\t\t\t\t\t\t<\/div>\n\t\t\t\t\t\t\t\t<div class=\"elementor-field-type-radio elementor-field-group elementor-column elementor-field-group-field_dcdc3dc elementor-col-100\">\n\t\t\t\t\t\t\t\t\t\t\t\t<label for=\"form-field-field_dcdc3dc\" class=\"elementor-field-label\">\n\t\t\t\t\t\t\t\tGew\u00fcnschter Plan\t\t\t\t\t\t\t<\/label>\n\t\t\t\t\t\t<div class=\"elementor-field-subgroup  elementor-subgroup-inline\"><span class=\"elementor-field-option\"><input type=\"radio\" value=\"Starter\" id=\"form-field-field_dcdc3dc-0\" name=\"form_fields[field_dcdc3dc]\"> <label for=\"form-field-field_dcdc3dc-0\">Starter<\/label><\/span><span class=\"elementor-field-option\"><input type=\"radio\" value=\"Intermediate\" id=\"form-field-field_dcdc3dc-1\" name=\"form_fields[field_dcdc3dc]\"> <label for=\"form-field-field_dcdc3dc-1\">Intermediate<\/label><\/span><span class=\"elementor-field-option\"><input type=\"radio\" value=\"Premium\" id=\"form-field-field_dcdc3dc-2\" name=\"form_fields[field_dcdc3dc]\"> <label for=\"form-field-field_dcdc3dc-2\">Premium<\/label><\/span><\/div>\t\t\t\t<\/div>\n\t\t\t\t\t\t\t\t<div class=\"elementor-field-type-radio elementor-field-group elementor-column elementor-field-group-field_47ce123 elementor-col-100 elementor-field-required elementor-mark-required\">\n\t\t\t\t\t\t\t\t\t\t\t\t<label for=\"form-field-field_47ce123\" class=\"elementor-field-label\">\n\t\t\t\t\t\t\t\tAnzahl der Standorte\t\t\t\t\t\t\t<\/label>\n\t\t\t\t\t\t<div class=\"elementor-field-subgroup  elementor-subgroup-inline\"><span class=\"elementor-field-option\"><input type=\"radio\" value=\"1\" id=\"form-field-field_47ce123-0\" name=\"form_fields[field_47ce123]\" required=\"required\"> <label for=\"form-field-field_47ce123-0\">1<\/label><\/span><span class=\"elementor-field-option\"><input type=\"radio\" value=\"2-5\" id=\"form-field-field_47ce123-1\" name=\"form_fields[field_47ce123]\" required=\"required\"> <label for=\"form-field-field_47ce123-1\">2-5<\/label><\/span><span class=\"elementor-field-option\"><input type=\"radio\" value=\"+5\" id=\"form-field-field_47ce123-2\" name=\"form_fields[field_47ce123]\" required=\"required\"> <label for=\"form-field-field_47ce123-2\">+5<\/label><\/span><\/div>\t\t\t\t<\/div>\n\t\t\t\t\t\t\t\t<div class=\"elementor-field-type-recaptcha_v3 elementor-field-group elementor-column elementor-field-group-field_4708393 elementor-col-100 recaptcha_v3-bottomright\">\n\t\t\t\t\t<div class=\"elementor-field\" id=\"form-field-field_4708393\"><div class=\"elementor-g-recaptcha\" data-sitekey=\"6LfqB0ArAAAAAHifylWVr1ao-S1aYB6DFIwjeJim\" data-type=\"v3\" data-action=\"Form\" data-badge=\"bottomright\" data-size=\"invisible\"><\/div><\/div>\t\t\t\t<\/div>\n\t\t\t\t\t\t\t\t<div class=\"elementor-field-group elementor-column elementor-field-type-submit elementor-col-100 e-form__buttons\">\n\t\t\t\t\t<button class=\"elementor-button elementor-size-sm\" type=\"submit\">\n\t\t\t\t\t\t<span class=\"elementor-button-content-wrapper\">\n\t\t\t\t\t\t\t\t\t\t\t\t\t\t\t\t\t\t\t\t\t\t<span class=\"elementor-button-text\">Zur Demo gehen<\/span>\n\t\t\t\t\t\t\t\t\t\t\t\t\t<\/span>\n\t\t\t\t\t<\/button>\n\t\t\t\t<\/div>\n\t\t\t<\/div>\n\t\t<\/form>\n\t\t\t\t\t\t<\/div>\n\t\t\t\t<\/div>\n\t\t\t\t<\/div>\n\t\t\t\t<\/div>\n\t\t<div class=\"elementor-element elementor-element-e611721 e-con-full e-flex e-con e-child\" data-id=\"e611721\" data-element_type=\"container\" data-e-type=\"container\">\n\t\t\t\t<\/div>\n\t\t\t\t<\/div>\n\t\t\t\t<\/div>\n\t\t","protected":false},"excerpt":{"rendered":"<p>Mach dein Unternehmen digital und innovativ mit Entdecke, wie PurpleFit die Verwaltung deines Studios vereinfachen kann! F\u00fclle das nebenstehende Formular aus, um alle unsere Funktionen selbstst\u00e4ndig zu erkunden. Du erh\u00e4ltst umgehend eine E-Mail mit: Deinen Zugangsdaten: Link und Anmeldedaten f\u00fcr die Demo-Umgebung. Einem gef\u00fchrten Rundgang: Unsere Tipps zum Testen von Backoffice, Buchungen und der Trainer-App.<\/p>\n","protected":false},"author":1,"featured_media":0,"parent":0,"menu_order":0,"comment_status":"closed","ping_status":"closed","template":"","meta":{"footnotes":""},"class_list":["post-2421","page","type-page","status-publish","hentry"],"_links":{"self":[{"href":"https:\/\/www.purple.fit\/de\/wp-json\/wp\/v2\/pages\/2421","targetHints":{"allow":["GET"]}}],"collection":[{"href":"https:\/\/www.purple.fit\/de\/wp-json\/wp\/v2\/pages"}],"about":[{"href":"https:\/\/www.purple.fit\/de\/wp-json\/wp\/v2\/types\/page"}],"author":[{"embeddable":true,"href":"https:\/\/www.purple.fit\/de\/wp-json\/wp\/v2\/users\/1"}],"replies":[{"embeddable":true,"href":"https:\/\/www.purple.fit\/de\/wp-json\/wp\/v2\/comments?post=2421"}],"version-history":[{"count":1,"href":"https:\/\/www.purple.fit\/de\/wp-json\/wp\/v2\/pages\/2421\/revisions"}],"predecessor-version":[{"id":2423,"href":"https:\/\/www.purple.fit\/de\/wp-json\/wp\/v2\/pages\/2421\/revisions\/2423"}],"wp:attachment":[{"href":"https:\/\/www.purple.fit\/de\/wp-json\/wp\/v2\/media?parent=2421"}],"curies":[{"name":"wp","href":"https:\/\/api.w.org\/{rel}","templated":true}]}}